{"id":53,"date":"2024-11-19T18:28:45","date_gmt":"2024-11-19T17:28:45","guid":{"rendered":"https:\/\/renov.blgkitchen.com\/?page_id=53"},"modified":"2024-11-19T18:28:45","modified_gmt":"2024-11-19T17:28:45","slug":"a-propos-de-nous","status":"publish","type":"page","link":"https:\/\/renov.blgkitchen.com\/?page_id=53","title":{"rendered":"\u00c0 propos de nous"},"content":{"rendered":"\n<p><strong>Bienvenue chez Renov-BLG Kitchen \u2013 L\u2019Excellence depuis 30 Ans, de P\u00e8re en Fils.<\/strong><\/p>\n\n\n\n<p><strong>\u00c0 propos de nous<\/strong><\/p>\n\n\n\n<p>Chez Renov-BLG Kitchen, l\u2019excellence est ancr\u00e9e dans notre ADN depuis plus de trois d\u00e9cennies, et cela commence avec notre fondateur, Geoffrey de Medina. Fort d\u2019une exp\u00e9rience de plus de 30 ans, Geoffrey perp\u00e9tue avec passion et d\u00e9vouement l\u2019h\u00e9ritage familial, transmis de p\u00e8re en fils.<\/p>\n\n\n\n<p>Notre histoire est celle d\u2019une tradition qui a \u00e9volu\u00e9 au fil des g\u00e9n\u00e9rations pour devenir l\u2019un des plus respect\u00e9s de la r\u00e9gion. Depuis nos modestes d\u00e9buts, nous avons \u00e9volu\u00e9 pour devenir une r\u00e9f\u00e9rence dans la r\u00e9novation sur mesure, et nous sommes fiers d\u2019avoir contribu\u00e9 \u00e0 la r\u00e9alisation de milliers de projet de r\u00eave.<\/p>\n\n\n\n<p>Chez Renov-BLG Kitchen, chaque projet que nous cr\u00e9ons est le fruit d\u2019une expertise accumul\u00e9e sur plusieurs g\u00e9n\u00e9rations. Notre engagement envers l\u2019excellence est in\u00e9branlable. De la conception initiale \u00e0 l\u2019installation finale, nous mettons en \u0153uvre tout notre savoir-faire pour que chaque d\u00e9tail soit parfait. Nous croyons en l\u2019importance de cr\u00e9er des projets qui non seulement s\u00e9duisent par leur esth\u00e9tique, mais qui sont \u00e9galement fonctionnelles et durables.<\/p>\n\n\n\n<p>Nos valeurs fondamentales sont la qualit\u00e9, l\u2019innovation et le service client. Nous collaborons \u00e9troitement avec nos clients pour comprendre leurs d\u00e9sirs, puis nous les concr\u00e9tisons en cr\u00e9ant des solutions sur mesure qui d\u00e9passent leurs attentes. Nous utilisons les mat\u00e9riaux les plus durables et les technologies les plus avanc\u00e9es pour garantir que nos projets sont \u00e0 la fois magnifiques et durables.<\/p>\n\n\n\n<p>Chez Renov-BLG Kitchen, nous croyons en la durabilit\u00e9 environnementale. Nous nous effor\u00e7ons de minimiser notre impact sur la plan\u00e8te en utilisant des mat\u00e9riaux respectueux de l\u2019environnement et en adoptant des pratiques de fabrication \u00e9co-responsables, pour l\u00e9guer \u00e0 nos enfants un monde meilleur.<\/p>\n\n\n\n<p>Nous sommes fiers de cr\u00e9er des projets qui deviennent le c\u0153ur de chaque maison. Notre exp\u00e9rience est \u00e0 votre service pour r\u00e9aliser vos r\u00eaves.<\/p>\n\n\n\n<p>Si vous \u00eates pr\u00eat \u00e0 transformer votre maison en un espace exceptionnel, contactez-nous d\u00e8s aujourd\u2019hui. Chez Renov-BLG Kitchen, nous perp\u00e9tuons cette tradition depuis des d\u00e9cennies, et nous sommes pr\u00eats \u00e0 mettre notre exp\u00e9rience \u00e0 votre service pour transformer vos r\u00eaves en r\u00e9alit\u00e9.<\/p>\n","protected":false},"excerpt":{"rendered":"<p>Bienvenue chez Renov-BLG Kitchen \u2013 L\u2019Excellence depuis 30 Ans, de P\u00e8re en Fils. \u00c0 propos de nous Chez Renov-BLG Kitchen, l\u2019excellence est ancr\u00e9e dans notre ADN depuis plus de trois d\u00e9cennies, et cela commence avec notre fondateur, Geoffrey de Medina. Fort d\u2019une exp\u00e9rience de plus de 30 ans, Geoffrey perp\u00e9tue avec passion et d\u00e9vouement l\u2019h\u00e9ritage [&hellip;]<\/p>\n","protected":false},"author":1,"featured_media":0,"parent":0,"menu_order":0,"comment_status":"closed","ping_status":"closed","template":"","meta":{"footnotes":""},"class_list":["post-53","page","type-page","status-publish","hentry"],"_links":{"self":[{"href":"https:\/\/renov.blgkitchen.com\/index.php?rest_route=\/wp\/v2\/pages\/53","targetHints":{"allow":["GET"]}}],"collection":[{"href":"https:\/\/renov.blgkitchen.com\/index.php?rest_route=\/wp\/v2\/pages"}],"about":[{"href":"https:\/\/renov.blgkitchen.com\/index.php?rest_route=\/wp\/v2\/types\/page"}],"author":[{"embeddable":true,"href":"https:\/\/renov.blgkitchen.com\/index.php?rest_route=\/wp\/v2\/users\/1"}],"replies":[{"embeddable":true,"href":"https:\/\/renov.blgkitchen.com\/index.php?rest_route=%2Fwp%2Fv2%2Fcomments&post=53"}],"version-history":[{"count":1,"href":"https:\/\/renov.blgkitchen.com\/index.php?rest_route=\/wp\/v2\/pages\/53\/revisions"}],"predecessor-version":[{"id":55,"href":"https:\/\/renov.blgkitchen.com\/index.php?rest_route=\/wp\/v2\/pages\/53\/revisions\/55"}],"wp:attachment":[{"href":"https:\/\/renov.blgkitchen.com\/index.php?rest_route=%2Fwp%2Fv2%2Fmedia&parent=53"}],"curies":[{"name":"wp","href":"https:\/\/api.w.org\/{rel}","templated":true}]}}